{"id":9783,"date":"2026-01-20T09:50:50","date_gmt":"2026-01-20T08:50:50","guid":{"rendered":"https:\/\/www.safewaterman.com\/?post_type=product&#038;p=9783"},"modified":"2024-01-09T16:18:56","modified_gmt":"2024-01-09T15:18:56","slug":"touring-106-2","status":"publish","type":"product","link":"https:\/\/www.safewaterman.com\/es\/store\/tablas-hinchables\/touring-es\/touring-106-2\/","title":{"rendered":"Touring 10&#8217;6\u00bb"},"content":{"rendered":"","protected":false},"excerpt":{"rendered":"<h3>SUP TOURING<\/h3>\n<p>El stand up paddle dise\u00f1ado para explorar de la forma m\u00e1s r\u00e1pida posible.<\/p>\n","protected":false},"featured_media":9815,"comment_status":"closed","ping_status":"closed","template":"","meta":{"_acf_changed":false},"product_brand":[],"product_cat":[296,290],"product_tag":[341,368,382,371],"class_list":{"0":"post-9783","1":"product","2":"type-product","3":"status-publish","4":"has-post-thumbnail","6":"product_cat-touring-es","7":"product_cat-tablas-hinchables","8":"product_tag-paso-es","9":"product_tag-safe-2021-es","10":"product_tag-sup-para-2-personas","11":"product_tag-sup-principiante-es","13":"first","14":"instock","15":"shipping-taxable","16":"purchasable","17":"product-type-simple"},"acf":[],"_links":{"self":[{"href":"https:\/\/www.safewaterman.com\/es\/wp-json\/wp\/v2\/product\/9783","targetHints":{"allow":["GET"]}}],"collection":[{"href":"https:\/\/www.safewaterman.com\/es\/wp-json\/wp\/v2\/product"}],"about":[{"href":"https:\/\/www.safewaterman.com\/es\/wp-json\/wp\/v2\/types\/product"}],"replies":[{"embeddable":true,"href":"https:\/\/www.safewaterman.com\/es\/wp-json\/wp\/v2\/comments?post=9783"}],"version-history":[{"count":0,"href":"https:\/\/www.safewaterman.com\/es\/wp-json\/wp\/v2\/product\/9783\/revisions"}],"wp:featuredmedia":[{"embeddable":true,"href":"https:\/\/www.safewaterman.com\/es\/wp-json\/wp\/v2\/media\/9815"}],"wp:attachment":[{"href":"https:\/\/www.safewaterman.com\/es\/wp-json\/wp\/v2\/media?parent=9783"}],"wp:term":[{"taxonomy":"product_brand","embeddable":true,"href":"https:\/\/www.safewaterman.com\/es\/wp-json\/wp\/v2\/product_brand?post=9783"},{"taxonomy":"product_cat","embeddable":true,"href":"https:\/\/www.safewaterman.com\/es\/wp-json\/wp\/v2\/product_cat?post=9783"},{"taxonomy":"product_tag","embeddable":true,"href":"https:\/\/www.safewaterman.com\/es\/wp-json\/wp\/v2\/product_tag?post=9783"}],"curies":[{"name":"wp","href":"https:\/\/api.w.org\/{rel}","templated":true}]}}