{"id":9673,"date":"2026-01-20T09:45:38","date_gmt":"2026-01-20T08:45:38","guid":{"rendered":"https:\/\/www.safewaterman.com\/?post_type=product&#038;p=9673"},"modified":"2024-01-09T16:06:42","modified_gmt":"2024-01-09T15:06:42","slug":"corsair-12-copia","status":"publish","type":"product","link":"https:\/\/www.safewaterman.com\/es\/store\/tablas-hinchables\/touring-es\/corsair-12-copia\/","title":{"rendered":"Corsair 12&#8242;"},"content":{"rendered":"","protected":false},"excerpt":{"rendered":"<h3>SUP TOURING<\/h3>\n<p>El stand up paddle dise\u00f1ado para explorar de la forma m\u00e1s r\u00e1pida posible.<\/p>\n","protected":false},"featured_media":9779,"comment_status":"closed","ping_status":"closed","template":"","meta":{"_acf_changed":false},"product_brand":[],"product_cat":[296,290],"product_tag":[341,368,387,389,388],"class_list":{"0":"post-9673","1":"product","2":"type-product","3":"status-publish","4":"has-post-thumbnail","6":"product_cat-touring-es","7":"product_cat-tablas-hinchables","8":"product_tag-paso-es","9":"product_tag-safe-2021-es","10":"product_tag-sup-cruising-es","11":"product_tag-sup-race-es","12":"product_tag-sup-rapido","14":"first","15":"instock","16":"shipping-taxable","17":"purchasable","18":"product-type-simple"},"acf":[],"_links":{"self":[{"href":"https:\/\/www.safewaterman.com\/es\/wp-json\/wp\/v2\/product\/9673","targetHints":{"allow":["GET"]}}],"collection":[{"href":"https:\/\/www.safewaterman.com\/es\/wp-json\/wp\/v2\/product"}],"about":[{"href":"https:\/\/www.safewaterman.com\/es\/wp-json\/wp\/v2\/types\/product"}],"replies":[{"embeddable":true,"href":"https:\/\/www.safewaterman.com\/es\/wp-json\/wp\/v2\/comments?post=9673"}],"version-history":[{"count":0,"href":"https:\/\/www.safewaterman.com\/es\/wp-json\/wp\/v2\/product\/9673\/revisions"}],"wp:featuredmedia":[{"embeddable":true,"href":"https:\/\/www.safewaterman.com\/es\/wp-json\/wp\/v2\/media\/9779"}],"wp:attachment":[{"href":"https:\/\/www.safewaterman.com\/es\/wp-json\/wp\/v2\/media?parent=9673"}],"wp:term":[{"taxonomy":"product_brand","embeddable":true,"href":"https:\/\/www.safewaterman.com\/es\/wp-json\/wp\/v2\/product_brand?post=9673"},{"taxonomy":"product_cat","embeddable":true,"href":"https:\/\/www.safewaterman.com\/es\/wp-json\/wp\/v2\/product_cat?post=9673"},{"taxonomy":"product_tag","embeddable":true,"href":"https:\/\/www.safewaterman.com\/es\/wp-json\/wp\/v2\/product_tag?post=9673"}],"curies":[{"name":"wp","href":"https:\/\/api.w.org\/{rel}","templated":true}]}}