{"id":9232,"date":"2023-07-26T17:00:45","date_gmt":"2023-07-26T15:00:45","guid":{"rendered":"https:\/\/www.safewaterman.com\/?post_type=product&#038;p=9232"},"modified":"2024-04-03T12:11:06","modified_gmt":"2024-04-03T10:11:06","slug":"pasarela-multifuncion-230x70x15-cm-con-barandilla-de-sujecion","status":"publish","type":"product","link":"https:\/\/www.safewaterman.com\/es\/store\/nautic-es\/inflatable-gangways-es\/pasarela-multifuncion-230x70x15-cm-con-barandilla-de-sujecion\/","title":{"rendered":"pasarela multifunci\u00f3n 230x70x15 cm con barandilla de sujeci\u00f3n"},"content":{"rendered":"","protected":false},"excerpt":{"rendered":"<p>PASARELA para barco 230x70x15 con Barandilla de Sujeci\u00f3n.<\/p>\n<p>La pasarela est\u00e1 dise\u00f1ada espec\u00edficamente para embarcaciones.<\/p>\n","protected":false},"featured_media":11301,"comment_status":"closed","ping_status":"closed","template":"","meta":{"_acf_changed":false},"product_brand":[],"product_cat":[489,468],"product_tag":[341,368],"class_list":{"0":"post-9232","1":"product","2":"type-product","3":"status-publish","4":"has-post-thumbnail","6":"product_cat-inflatable-gangways-es","7":"product_cat-nautic-es","8":"product_tag-paso-es","9":"product_tag-safe-2021-es","11":"first","12":"instock","13":"shipping-taxable","14":"purchasable","15":"product-type-simple"},"acf":[],"_links":{"self":[{"href":"https:\/\/www.safewaterman.com\/es\/wp-json\/wp\/v2\/product\/9232","targetHints":{"allow":["GET"]}}],"collection":[{"href":"https:\/\/www.safewaterman.com\/es\/wp-json\/wp\/v2\/product"}],"about":[{"href":"https:\/\/www.safewaterman.com\/es\/wp-json\/wp\/v2\/types\/product"}],"replies":[{"embeddable":true,"href":"https:\/\/www.safewaterman.com\/es\/wp-json\/wp\/v2\/comments?post=9232"}],"version-history":[{"count":0,"href":"https:\/\/www.safewaterman.com\/es\/wp-json\/wp\/v2\/product\/9232\/revisions"}],"wp:featuredmedia":[{"embeddable":true,"href":"https:\/\/www.safewaterman.com\/es\/wp-json\/wp\/v2\/media\/11301"}],"wp:attachment":[{"href":"https:\/\/www.safewaterman.com\/es\/wp-json\/wp\/v2\/media?parent=9232"}],"wp:term":[{"taxonomy":"product_brand","embeddable":true,"href":"https:\/\/www.safewaterman.com\/es\/wp-json\/wp\/v2\/product_brand?post=9232"},{"taxonomy":"product_cat","embeddable":true,"href":"https:\/\/www.safewaterman.com\/es\/wp-json\/wp\/v2\/product_cat?post=9232"},{"taxonomy":"product_tag","embeddable":true,"href":"https:\/\/www.safewaterman.com\/es\/wp-json\/wp\/v2\/product_tag?post=9232"}],"curies":[{"name":"wp","href":"https:\/\/api.w.org\/{rel}","templated":true}]}}