{"id":6876,"date":"2020-02-26T09:53:24","date_gmt":"2020-02-26T08:53:24","guid":{"rendered":"https:\/\/www.safewaterman.com\/negozio\/sin%20categor\u00eda\/funda-para-telefono-movil-plus\/"},"modified":"2021-10-29T15:52:47","modified_gmt":"2021-10-29T13:52:47","slug":"funda-para-telefono-movil-plus","status":"publish","type":"product","link":"https:\/\/www.safewaterman.com\/es\/store\/mochila-impermeable\/funda-para-telefono-movil-plus\/","title":{"rendered":"Funda para tel\u00e9fono m\u00f3vil plus"},"content":{"rendered":"","protected":false},"excerpt":{"rendered":"<p>Funda para tel\u00e9fono m\u00f3vil impermeable y subacu\u00e1tica.<\/p>\n","protected":false},"featured_media":6877,"comment_status":"closed","ping_status":"closed","template":"","meta":{"_acf_changed":false},"product_brand":[],"product_cat":[330],"product_tag":[368],"class_list":{"0":"post-6876","1":"product","2":"type-product","3":"status-publish","4":"has-post-thumbnail","6":"product_cat-mochila-impermeable","7":"product_tag-safe-2021-es","9":"first","10":"instock","11":"shipping-taxable","12":"purchasable","13":"product-type-simple"},"acf":[],"_links":{"self":[{"href":"https:\/\/www.safewaterman.com\/es\/wp-json\/wp\/v2\/product\/6876","targetHints":{"allow":["GET"]}}],"collection":[{"href":"https:\/\/www.safewaterman.com\/es\/wp-json\/wp\/v2\/product"}],"about":[{"href":"https:\/\/www.safewaterman.com\/es\/wp-json\/wp\/v2\/types\/product"}],"replies":[{"embeddable":true,"href":"https:\/\/www.safewaterman.com\/es\/wp-json\/wp\/v2\/comments?post=6876"}],"version-history":[{"count":0,"href":"https:\/\/www.safewaterman.com\/es\/wp-json\/wp\/v2\/product\/6876\/revisions"}],"wp:featuredmedia":[{"embeddable":true,"href":"https:\/\/www.safewaterman.com\/es\/wp-json\/wp\/v2\/media\/6877"}],"wp:attachment":[{"href":"https:\/\/www.safewaterman.com\/es\/wp-json\/wp\/v2\/media?parent=6876"}],"wp:term":[{"taxonomy":"product_brand","embeddable":true,"href":"https:\/\/www.safewaterman.com\/es\/wp-json\/wp\/v2\/product_brand?post=6876"},{"taxonomy":"product_cat","embeddable":true,"href":"https:\/\/www.safewaterman.com\/es\/wp-json\/wp\/v2\/product_cat?post=6876"},{"taxonomy":"product_tag","embeddable":true,"href":"https:\/\/www.safewaterman.com\/es\/wp-json\/wp\/v2\/product_tag?post=6876"}],"curies":[{"name":"wp","href":"https:\/\/api.w.org\/{rel}","templated":true}]}}