{"id":11188,"date":"2025-02-14T10:33:36","date_gmt":"2025-02-14T09:33:36","guid":{"rendered":"https:\/\/www.safewaterman.com\/?post_type=product&#038;p=11188"},"modified":"2025-02-28T12:18:45","modified_gmt":"2025-02-28T11:18:45","slug":"pasarela-sup-multifuncion-270x80x15-cm","status":"publish","type":"product","link":"https:\/\/www.safewaterman.com\/es\/store\/nautic-es\/inflatable-gangways-es\/pasarela-sup-multifuncion-270x80x15-cm\/","title":{"rendered":"Pasarela SUP multifunci\u00f3n 270X80X15 cm"},"content":{"rendered":"","protected":false},"excerpt":{"rendered":"<p data-sourcepos=\"3:1-3:37\"><strong><span style=\"font-size: 18.72px;\">Pasarela SUP para barco 270x80x15<br \/>\n<\/span><span style=\"font-size: 18.72px;\">La pasarela SUP multifunci\u00f3n dise\u00f1ada para la embarcaci\u00f3n y mucho m\u00e1s.<\/span><\/strong><\/p>\n<p data-sourcepos=\"3:1-3:37\">\n","protected":false},"featured_media":11200,"comment_status":"closed","ping_status":"closed","template":"","meta":{"_acf_changed":false},"product_brand":[],"product_cat":[489,468],"product_tag":[341,368],"class_list":{"0":"post-11188","1":"product","2":"type-product","3":"status-publish","4":"has-post-thumbnail","6":"product_cat-inflatable-gangways-es","7":"product_cat-nautic-es","8":"product_tag-paso-es","9":"product_tag-safe-2021-es","11":"first","12":"instock","13":"shipping-taxable","14":"purchasable","15":"product-type-simple"},"acf":[],"_links":{"self":[{"href":"https:\/\/www.safewaterman.com\/es\/wp-json\/wp\/v2\/product\/11188","targetHints":{"allow":["GET"]}}],"collection":[{"href":"https:\/\/www.safewaterman.com\/es\/wp-json\/wp\/v2\/product"}],"about":[{"href":"https:\/\/www.safewaterman.com\/es\/wp-json\/wp\/v2\/types\/product"}],"replies":[{"embeddable":true,"href":"https:\/\/www.safewaterman.com\/es\/wp-json\/wp\/v2\/comments?post=11188"}],"version-history":[{"count":0,"href":"https:\/\/www.safewaterman.com\/es\/wp-json\/wp\/v2\/product\/11188\/revisions"}],"wp:featuredmedia":[{"embeddable":true,"href":"https:\/\/www.safewaterman.com\/es\/wp-json\/wp\/v2\/media\/11200"}],"wp:attachment":[{"href":"https:\/\/www.safewaterman.com\/es\/wp-json\/wp\/v2\/media?parent=11188"}],"wp:term":[{"taxonomy":"product_brand","embeddable":true,"href":"https:\/\/www.safewaterman.com\/es\/wp-json\/wp\/v2\/product_brand?post=11188"},{"taxonomy":"product_cat","embeddable":true,"href":"https:\/\/www.safewaterman.com\/es\/wp-json\/wp\/v2\/product_cat?post=11188"},{"taxonomy":"product_tag","embeddable":true,"href":"https:\/\/www.safewaterman.com\/es\/wp-json\/wp\/v2\/product_tag?post=11188"}],"curies":[{"name":"wp","href":"https:\/\/api.w.org\/{rel}","templated":true}]}}