{"id":4541,"date":"2021-09-15T17:30:14","date_gmt":"2021-09-15T15:30:14","guid":{"rendered":"https:\/\/www.safewaterman.com\/carrello-2\/"},"modified":"2026-03-06T18:39:05","modified_gmt":"2026-03-06T17:39:05","slug":"carrello-2","status":"publish","type":"page","link":"https:\/\/www.safewaterman.com\/es\/carrello-2\/","title":{"rendered":"Carrello"},"content":{"rendered":"\t\t<div data-elementor-type=\"wp-page\" data-elementor-id=\"4541\" class=\"elementor elementor-4541 elementor-4456\" data-elementor-post-type=\"page\">\n\t\t\t\t<div class=\"elementor-element elementor-element-046893b e-flex e-con-boxed e-con e-parent\" data-id=\"046893b\" data-element_type=\"container\" data-e-type=\"container\">\n\t\t\t\t\t<div class=\"e-con-inner\">\n\t\t\t\t<div class=\"elementor-element elementor-element-062a239 e-cart-layout-two-column elementor-widget elementor-widget-woocommerce-cart\" data-id=\"062a239\" data-element_type=\"widget\" data-e-type=\"widget\" data-widget_type=\"woocommerce-cart.default\">\n\t\t\t\t<div class=\"elementor-widget-container\">\n\t\t\t\t\t<div class=\"woocommerce\"><div class=\"woocommerce-notices-wrapper\"><\/div><div class=\"wc-empty-cart-message\">\n\t<div class=\"cart-empty woocommerce-info\" role=\"status\">\n\t\tTu carrito est\u00e1 vac\u00edo.\t<\/div>\n<\/div>\t<p class=\"return-to-shop\">\n\t\t<a class=\"button wc-backward\" href=\"https:\/\/www.safewaterman.com\/es\/negozio\/\">\n\t\t\tVolver a la tienda\t\t<\/a>\n\t<\/p>\n<\/div>\t\t\t\t<\/div>\n\t\t\t\t<\/div>\n\t\t\t\t\t<\/div>\n\t\t\t\t<\/div>\n\t\t\t\t<\/div>\n\t\t","protected":false},"excerpt":{"rendered":"<p>Corrispondenza del cliente con la zona \u00abITALIA\u00bb Rimuovi articolo Miniatura immagine Prodotto Prezzo Quantit\u00e0 Subtotale &times; Passerella SUP multifunzione 270X80X15 TEAK &euro;745,00 Passerella SUP multifunzione 270X80X15 TEAK&nbsp; quantit\u00e0 &euro;745,00 &times; Easy ride- 10&#8217;6&#8243; Rosso &euro;661,00 Easy ride- 10&#039;6&quot; Rosso&nbsp; quantit\u00e0 &euro;1.322,00 &times; Easy ride- 10&#8217;6&#8243; Rosso &euro;749,00 Easy ride- 10&#039;6&quot; Rosso&nbsp; quantit\u00e0 &euro;1.498,00 Aggiorna carrello [&hellip;]<\/p>\n","protected":false},"author":1,"featured_media":0,"parent":0,"menu_order":0,"comment_status":"closed","ping_status":"closed","template":"","meta":{"_acf_changed":false,"footnotes":""},"class_list":["post-4541","page","type-page","status-publish","hentry"],"acf":[],"_links":{"self":[{"href":"https:\/\/www.safewaterman.com\/es\/wp-json\/wp\/v2\/pages\/4541","targetHints":{"allow":["GET"]}}],"collection":[{"href":"https:\/\/www.safewaterman.com\/es\/wp-json\/wp\/v2\/pages"}],"about":[{"href":"https:\/\/www.safewaterman.com\/es\/wp-json\/wp\/v2\/types\/page"}],"author":[{"embeddable":true,"href":"https:\/\/www.safewaterman.com\/es\/wp-json\/wp\/v2\/users\/1"}],"replies":[{"embeddable":true,"href":"https:\/\/www.safewaterman.com\/es\/wp-json\/wp\/v2\/comments?post=4541"}],"version-history":[{"count":0,"href":"https:\/\/www.safewaterman.com\/es\/wp-json\/wp\/v2\/pages\/4541\/revisions"}],"wp:attachment":[{"href":"https:\/\/www.safewaterman.com\/es\/wp-json\/wp\/v2\/media?parent=4541"}],"curies":[{"name":"wp","href":"https:\/\/api.w.org\/{rel}","templated":true}]}}