{"id":9967,"date":"2026-01-20T09:00:43","date_gmt":"2026-01-20T08:00:43","guid":{"rendered":"https:\/\/www.safewaterman.com\/?post_type=product&#038;p=9967"},"modified":"2024-01-10T10:43:51","modified_gmt":"2024-01-10T09:43:51","slug":"master-11-2","status":"publish","type":"product","link":"https:\/\/www.safewaterman.com\/de\/store\/aufblasbares-sup\/allround\/master-11-2\/","title":{"rendered":"Master 11&#8242;"},"content":{"rendered":"","protected":false},"excerpt":{"rendered":"<h3 id=\"tw-target-text\" class=\"tw-data-text tw-text-large XcVN5d tw-ta\" dir=\"ltr\" data-placeholder=\"Traduzione\"><span class=\"Y2IQFc\" lang=\"de\">Aufblasbares Sup f\u00fcr Anf\u00e4nger<\/span><\/h3>\n<p class=\"tw-data-text tw-text-large XcVN5d tw-ta\" dir=\"ltr\" data-placeholder=\"Traduzione\"><span class=\"Y2IQFc\" lang=\"de\">Das Stand Up Paddle f\u00fcr gro\u00dfe Gr\u00f6\u00dfen und f\u00fcr die Familie.<\/span><\/p>\n<p id=\"tw-target-text\" class=\"tw-data-text tw-text-large XcVN5d tw-ta\" dir=\"ltr\" data-placeholder=\"Traduzione\"><span class=\"Y2IQFc\" lang=\"de\">.<\/span><\/p>\n","protected":false},"featured_media":9977,"comment_status":"closed","ping_status":"closed","template":"","meta":{"_acf_changed":false},"product_brand":[],"product_cat":[291,289],"product_tag":[340,365,381,369,383],"class_list":{"0":"post-9967","1":"product","2":"type-product","3":"status-publish","4":"has-post-thumbnail","6":"product_cat-allround","7":"product_cat-aufblasbares-sup","8":"product_tag-paso-de","9":"product_tag-safe-2021-de","10":"product_tag-sup-fur-2-personen","11":"product_tag-sup-principiante-de","12":"product_tag-sup-uber-100-kg","14":"first","15":"instock","16":"shipping-taxable","17":"purchasable","18":"product-type-simple"},"acf":[],"_links":{"self":[{"href":"https:\/\/www.safewaterman.com\/de\/wp-json\/wp\/v2\/product\/9967","targetHints":{"allow":["GET"]}}],"collection":[{"href":"https:\/\/www.safewaterman.com\/de\/wp-json\/wp\/v2\/product"}],"about":[{"href":"https:\/\/www.safewaterman.com\/de\/wp-json\/wp\/v2\/types\/product"}],"replies":[{"embeddable":true,"href":"https:\/\/www.safewaterman.com\/de\/wp-json\/wp\/v2\/comments?post=9967"}],"version-history":[{"count":0,"href":"https:\/\/www.safewaterman.com\/de\/wp-json\/wp\/v2\/product\/9967\/revisions"}],"wp:featuredmedia":[{"embeddable":true,"href":"https:\/\/www.safewaterman.com\/de\/wp-json\/wp\/v2\/media\/9977"}],"wp:attachment":[{"href":"https:\/\/www.safewaterman.com\/de\/wp-json\/wp\/v2\/media?parent=9967"}],"wp:term":[{"taxonomy":"product_brand","embeddable":true,"href":"https:\/\/www.safewaterman.com\/de\/wp-json\/wp\/v2\/product_brand?post=9967"},{"taxonomy":"product_cat","embeddable":true,"href":"https:\/\/www.safewaterman.com\/de\/wp-json\/wp\/v2\/product_cat?post=9967"},{"taxonomy":"product_tag","embeddable":true,"href":"https:\/\/www.safewaterman.com\/de\/wp-json\/wp\/v2\/product_tag?post=9967"}],"curies":[{"name":"wp","href":"https:\/\/api.w.org\/{rel}","templated":true}]}}