{"id":9230,"date":"2023-07-26T17:00:45","date_gmt":"2023-07-26T15:00:45","guid":{"rendered":"https:\/\/www.safewaterman.com\/?post_type=product&#038;p=9230"},"modified":"2024-04-03T12:12:22","modified_gmt":"2024-04-03T10:12:22","slug":"mehrzweckplattform-230x70x15-cm-mit-handlauf","status":"publish","type":"product","link":"https:\/\/www.safewaterman.com\/de\/store\/nautic-de\/inflatable-gangways-de\/mehrzweckplattform-230x70x15-cm-mit-handlauf\/","title":{"rendered":"Mehrzweckplattform 230x70x15 cm mit Handlauf"},"content":{"rendered":"","protected":false},"excerpt":{"rendered":"<h3 id=\"tw-target-text\" class=\"tw-data-text tw-text-large XcVN5d tw-ta\" dir=\"ltr\" data-placeholder=\"Traduzione\">Bootsplattform ist 230x70x15 cm gro\u00df und verf\u00fcgt \u00fcber eine Reling<\/h3>\n","protected":false},"featured_media":11300,"comment_status":"closed","ping_status":"closed","template":"","meta":{"_acf_changed":false},"product_brand":[],"product_cat":[488,467],"product_tag":[340,365],"class_list":{"0":"post-9230","1":"product","2":"type-product","3":"status-publish","4":"has-post-thumbnail","6":"product_cat-inflatable-gangways-de","7":"product_cat-nautic-de","8":"product_tag-paso-de","9":"product_tag-safe-2021-de","11":"first","12":"instock","13":"shipping-taxable","14":"purchasable","15":"product-type-simple"},"acf":[],"_links":{"self":[{"href":"https:\/\/www.safewaterman.com\/de\/wp-json\/wp\/v2\/product\/9230","targetHints":{"allow":["GET"]}}],"collection":[{"href":"https:\/\/www.safewaterman.com\/de\/wp-json\/wp\/v2\/product"}],"about":[{"href":"https:\/\/www.safewaterman.com\/de\/wp-json\/wp\/v2\/types\/product"}],"replies":[{"embeddable":true,"href":"https:\/\/www.safewaterman.com\/de\/wp-json\/wp\/v2\/comments?post=9230"}],"version-history":[{"count":0,"href":"https:\/\/www.safewaterman.com\/de\/wp-json\/wp\/v2\/product\/9230\/revisions"}],"wp:featuredmedia":[{"embeddable":true,"href":"https:\/\/www.safewaterman.com\/de\/wp-json\/wp\/v2\/media\/11300"}],"wp:attachment":[{"href":"https:\/\/www.safewaterman.com\/de\/wp-json\/wp\/v2\/media?parent=9230"}],"wp:term":[{"taxonomy":"product_brand","embeddable":true,"href":"https:\/\/www.safewaterman.com\/de\/wp-json\/wp\/v2\/product_brand?post=9230"},{"taxonomy":"product_cat","embeddable":true,"href":"https:\/\/www.safewaterman.com\/de\/wp-json\/wp\/v2\/product_cat?post=9230"},{"taxonomy":"product_tag","embeddable":true,"href":"https:\/\/www.safewaterman.com\/de\/wp-json\/wp\/v2\/product_tag?post=9230"}],"curies":[{"name":"wp","href":"https:\/\/api.w.org\/{rel}","templated":true}]}}