{"id":6727,"date":"2020-05-14T18:04:55","date_gmt":"2020-05-14T16:04:55","guid":{"rendered":"https:\/\/www.safewaterman.com\/negozio\/unkategorisiert\/leash-11-coiled\/"},"modified":"2021-10-29T15:58:18","modified_gmt":"2021-10-29T13:58:18","slug":"leash-11-coiled","status":"publish","type":"product","link":"https:\/\/www.safewaterman.com\/de\/store\/sup-zubehor\/leash\/leash-11-coiled\/","title":{"rendered":"Leash 11&#8242; Coiled"},"content":{"rendered":"","protected":false},"excerpt":{"rendered":"<h3>leash sup<\/h3>\n<p id=\"tw-target-text\" class=\"tw-data-text tw-text-large XcVN5d tw-ta\" dir=\"ltr\" data-placeholder=\"Traduzione\"><span class=\"Y2IQFc\" lang=\"de\">Spiralriemen f\u00fcr Stand Up Paddle Gr\u00f6\u00dfe 11 &#8218;<\/span><\/p>\n","protected":false},"featured_media":6728,"comment_status":"closed","ping_status":"closed","template":"","meta":{"_acf_changed":false},"product_brand":[],"product_cat":[327,325],"product_tag":[365],"class_list":{"0":"post-6727","1":"product","2":"type-product","3":"status-publish","4":"has-post-thumbnail","6":"product_cat-leash","7":"product_cat-sup-zubehor","8":"product_tag-safe-2021-de","10":"first","11":"instock","12":"shipping-taxable","13":"purchasable","14":"product-type-simple"},"acf":[],"_links":{"self":[{"href":"https:\/\/www.safewaterman.com\/de\/wp-json\/wp\/v2\/product\/6727","targetHints":{"allow":["GET"]}}],"collection":[{"href":"https:\/\/www.safewaterman.com\/de\/wp-json\/wp\/v2\/product"}],"about":[{"href":"https:\/\/www.safewaterman.com\/de\/wp-json\/wp\/v2\/types\/product"}],"replies":[{"embeddable":true,"href":"https:\/\/www.safewaterman.com\/de\/wp-json\/wp\/v2\/comments?post=6727"}],"version-history":[{"count":0,"href":"https:\/\/www.safewaterman.com\/de\/wp-json\/wp\/v2\/product\/6727\/revisions"}],"wp:featuredmedia":[{"embeddable":true,"href":"https:\/\/www.safewaterman.com\/de\/wp-json\/wp\/v2\/media\/6728"}],"wp:attachment":[{"href":"https:\/\/www.safewaterman.com\/de\/wp-json\/wp\/v2\/media?parent=6727"}],"wp:term":[{"taxonomy":"product_brand","embeddable":true,"href":"https:\/\/www.safewaterman.com\/de\/wp-json\/wp\/v2\/product_brand?post=6727"},{"taxonomy":"product_cat","embeddable":true,"href":"https:\/\/www.safewaterman.com\/de\/wp-json\/wp\/v2\/product_cat?post=6727"},{"taxonomy":"product_tag","embeddable":true,"href":"https:\/\/www.safewaterman.com\/de\/wp-json\/wp\/v2\/product_tag?post=6727"}],"curies":[{"name":"wp","href":"https:\/\/api.w.org\/{rel}","templated":true}]}}