{"id":6717,"date":"2020-02-17T11:02:00","date_gmt":"2020-02-17T10:02:00","guid":{"rendered":"https:\/\/www.safewaterman.com\/negozio\/unkategorisiert\/leash-9-coiled\/"},"modified":"2021-10-29T15:59:23","modified_gmt":"2021-10-29T13:59:23","slug":"leash-9-coiled","status":"publish","type":"product","link":"https:\/\/www.safewaterman.com\/de\/store\/sup-zubehor\/leash\/leash-9-coiled\/","title":{"rendered":"LEASH 9&#8242; COILED"},"content":{"rendered":"","protected":false},"excerpt":{"rendered":"<h3>Leash sup<\/h3>\n<p>Spiralriemen f\u00fcr Stand Up Paddle Gr\u00f6\u00dfe 9 &#8218;.<\/p>\n","protected":false},"featured_media":6718,"comment_status":"closed","ping_status":"closed","template":"","meta":{"_acf_changed":false},"product_brand":[],"product_cat":[327,325],"product_tag":[365],"class_list":{"0":"post-6717","1":"product","2":"type-product","3":"status-publish","4":"has-post-thumbnail","6":"product_cat-leash","7":"product_cat-sup-zubehor","8":"product_tag-safe-2021-de","10":"first","11":"outofstock","12":"shipping-taxable","13":"purchasable","14":"product-type-simple"},"acf":[],"_links":{"self":[{"href":"https:\/\/www.safewaterman.com\/de\/wp-json\/wp\/v2\/product\/6717","targetHints":{"allow":["GET"]}}],"collection":[{"href":"https:\/\/www.safewaterman.com\/de\/wp-json\/wp\/v2\/product"}],"about":[{"href":"https:\/\/www.safewaterman.com\/de\/wp-json\/wp\/v2\/types\/product"}],"replies":[{"embeddable":true,"href":"https:\/\/www.safewaterman.com\/de\/wp-json\/wp\/v2\/comments?post=6717"}],"version-history":[{"count":0,"href":"https:\/\/www.safewaterman.com\/de\/wp-json\/wp\/v2\/product\/6717\/revisions"}],"wp:featuredmedia":[{"embeddable":true,"href":"https:\/\/www.safewaterman.com\/de\/wp-json\/wp\/v2\/media\/6718"}],"wp:attachment":[{"href":"https:\/\/www.safewaterman.com\/de\/wp-json\/wp\/v2\/media?parent=6717"}],"wp:term":[{"taxonomy":"product_brand","embeddable":true,"href":"https:\/\/www.safewaterman.com\/de\/wp-json\/wp\/v2\/product_brand?post=6717"},{"taxonomy":"product_cat","embeddable":true,"href":"https:\/\/www.safewaterman.com\/de\/wp-json\/wp\/v2\/product_cat?post=6717"},{"taxonomy":"product_tag","embeddable":true,"href":"https:\/\/www.safewaterman.com\/de\/wp-json\/wp\/v2\/product_tag?post=6717"}],"curies":[{"name":"wp","href":"https:\/\/api.w.org\/{rel}","templated":true}]}}